{"id":8631,"date":"2024-09-18T13:36:16","date_gmt":"2024-09-18T16:36:16","guid":{"rendered":"https:\/\/serviciotecnicoenoc.cl\/?post_type=product&#038;p=8631"},"modified":"2025-09-16T11:12:20","modified_gmt":"2025-09-16T14:12:20","slug":"sql-server-developers-2022-licencia-permanente-1-dispositivo","status":"publish","type":"product","link":"https:\/\/serviciotecnicoenoc.cl\/index.php\/product\/sql-server-developers-2022-licencia-permanente-1-dispositivo\/","title":{"rendered":"SQL Server Developers 2022 \u2013 Licencia Permanente \u2013 (1) Dispositivo"},"content":{"rendered":"<p>&nbsp;<\/p>\n<p>SQL Server Developer 2022 est\u00e1 dise\u00f1ada para el desarrollo y pruebas de aplicaciones, ofreciendo todas las caracter\u00edsticas y m\u00e1s de la versi\u00f3n Enterprise. Est\u00e1 destinada a entornos no productivos, permitiendo a los desarrolladores construir, probar y optimizar aplicaciones en un entorno id\u00e9ntico al de producci\u00f3n sin tener que estar en producci\u00f3n directamente.<\/p>\n<p>\u2705Licencia Permanente<\/p>\n<p>\u2705Sistemas operativos compatibles: Windows<\/p>\n<p>\u2705\u00a0Te otorgamos un Serial Key<\/p>\n","protected":false},"excerpt":{"rendered":"<p>&nbsp; SQL Server Developer 2022 est\u00e1 dise\u00f1ada para el desarrollo y pruebas de aplicaciones, ofreciendo todas las caracter\u00edsticas y m\u00e1s de la versi\u00f3n Enterprise. Est\u00e1 destinada a entornos no productivos, permitiendo a los desarrolladores construir, probar y optimizar aplicaciones en un entorno id\u00e9ntico al de producci\u00f3n sin tener que estar en producci\u00f3n directamente. \u2705Licencia Permanente [&hellip;]<\/p>\n","protected":false},"featured_media":8632,"template":"","meta":[],"product_brand":[],"product_cat":[45,42,38],"product_tag":[],"class_list":{"0":"post-8631","1":"product","2":"type-product","3":"status-publish","4":"has-post-thumbnail","6":"product_cat-ofimatica","7":"product_cat-so","8":"product_cat-licencias","10":"first","11":"outofstock","12":"virtual","13":"purchasable","14":"product-type-simple"},"jetpack_sharing_enabled":true,"_links":{"self":[{"href":"https:\/\/serviciotecnicoenoc.cl\/index.php\/wp-json\/wp\/v2\/product\/8631","targetHints":{"allow":["GET"]}}],"collection":[{"href":"https:\/\/serviciotecnicoenoc.cl\/index.php\/wp-json\/wp\/v2\/product"}],"about":[{"href":"https:\/\/serviciotecnicoenoc.cl\/index.php\/wp-json\/wp\/v2\/types\/product"}],"wp:featuredmedia":[{"embeddable":true,"href":"https:\/\/serviciotecnicoenoc.cl\/index.php\/wp-json\/wp\/v2\/media\/8632"}],"wp:attachment":[{"href":"https:\/\/serviciotecnicoenoc.cl\/index.php\/wp-json\/wp\/v2\/media?parent=8631"}],"wp:term":[{"taxonomy":"product_brand","embeddable":true,"href":"https:\/\/serviciotecnicoenoc.cl\/index.php\/wp-json\/wp\/v2\/product_brand?post=8631"},{"taxonomy":"product_cat","embeddable":true,"href":"https:\/\/serviciotecnicoenoc.cl\/index.php\/wp-json\/wp\/v2\/product_cat?post=8631"},{"taxonomy":"product_tag","embeddable":true,"href":"https:\/\/serviciotecnicoenoc.cl\/index.php\/wp-json\/wp\/v2\/product_tag?post=8631"}],"curies":[{"name":"wp","href":"https:\/\/api.w.org\/{rel}","templated":true}]}}