{"id":560,"date":"2024-03-07T17:45:25","date_gmt":"2024-03-07T17:45:25","guid":{"rendered":"https:\/\/stsenoc.cl\/desarrollo\/?post_type=product&#038;p=560"},"modified":"2024-12-02T13:51:43","modified_gmt":"2024-12-02T16:51:43","slug":"power-bi-pro-licencia-original-1-ano-1-dispositivo","status":"publish","type":"product","link":"https:\/\/serviciotecnicoenoc.cl\/index.php\/product\/power-bi-pro-licencia-original-1-ano-1-dispositivo\/","title":{"rendered":"Power BI PRO &#8211; Licencia (1) a\u00f1o &#8211; M\u00faltiples dispositivos"},"content":{"rendered":"<p>&nbsp;<\/p>\n<p>Cree una cultura basada en datos en toda la organizaci\u00f3n. Comparta visualizaciones de datos interactivas y colabore en ellas f\u00e1cilmente usando Power BI Pro para realizar an\u00e1lisis en autoservicio.<br \/>\n1.-Comparta visualizaciones de datos enriquecidas que ayuden a todos a tomar decisiones basadas en hechos.<br \/>\n2.-Distribuya sus hallazgos a los miembros del equipo que est\u00e1n dentro y fuera de la organizaci\u00f3n.<\/p>\n<p>\u2705Licencia por (1) a\u00f1o.<\/p>\n<p>\u2705Uso para (1) dispositivo.<\/p>\n<p>\u2705Sistemas operativos compatibles: Windows.<\/p>\n<p>\u2705Soporte Post Venta en el caso de cualquier duda o consulta con la instalaci\u00f3n.<\/p>\n<p>\u00bfPor qu\u00e9 deber\u00edas comprarnos a nosotros?<\/p>\n<p><strong>\ud83d\udcaa\ud83c\udffbSomos una empresa Chilena establecida Otorgamos Boleta\/factura\ud83c\udde8\ud83c\uddf1<\/strong><br \/>\n\ud83d\udcaa\ud83c\udffbOfrecemos una pol\u00edtica de devoluci\u00f3n transparente. Si por alguna raz\u00f3n no est\u00e1s satisfecho con tu compra, te garantizamos un proceso de devoluci\u00f3n f\u00e1cil y sin complicaciones.<br \/>\n\ud83d\udcaa\ud83c\udffbNuestro proceso de pago est\u00e1 cifrado y es completamente seguro. Puedes realizar tus transacciones con la confianza de que tu informaci\u00f3n financiera est\u00e1 protegida.<\/p>\n","protected":false},"excerpt":{"rendered":"<p>&nbsp; Cree una cultura basada en datos en toda la organizaci\u00f3n. Comparta visualizaciones de datos interactivas y colabore en ellas f\u00e1cilmente usando Power BI Pro para realizar an\u00e1lisis en autoservicio. 1.-Comparta visualizaciones de datos enriquecidas que ayuden a todos a tomar decisiones basadas en hechos. 2.-Distribuya sus hallazgos a los miembros del equipo que est\u00e1n [&hellip;]<\/p>\n","protected":false},"featured_media":9238,"template":"","meta":[],"product_brand":[],"product_cat":[45,46,38],"product_tag":[],"class_list":{"0":"post-560","1":"product","2":"type-product","3":"status-publish","4":"has-post-thumbnail","6":"product_cat-ofimatica","7":"product_cat-ingenieria-y-arquitectura","8":"product_cat-licencias","10":"first","11":"instock","12":"virtual","13":"purchasable","14":"product-type-simple"},"jetpack_sharing_enabled":true,"_links":{"self":[{"href":"https:\/\/serviciotecnicoenoc.cl\/index.php\/wp-json\/wp\/v2\/product\/560","targetHints":{"allow":["GET"]}}],"collection":[{"href":"https:\/\/serviciotecnicoenoc.cl\/index.php\/wp-json\/wp\/v2\/product"}],"about":[{"href":"https:\/\/serviciotecnicoenoc.cl\/index.php\/wp-json\/wp\/v2\/types\/product"}],"wp:featuredmedia":[{"embeddable":true,"href":"https:\/\/serviciotecnicoenoc.cl\/index.php\/wp-json\/wp\/v2\/media\/9238"}],"wp:attachment":[{"href":"https:\/\/serviciotecnicoenoc.cl\/index.php\/wp-json\/wp\/v2\/media?parent=560"}],"wp:term":[{"taxonomy":"product_brand","embeddable":true,"href":"https:\/\/serviciotecnicoenoc.cl\/index.php\/wp-json\/wp\/v2\/product_brand?post=560"},{"taxonomy":"product_cat","embeddable":true,"href":"https:\/\/serviciotecnicoenoc.cl\/index.php\/wp-json\/wp\/v2\/product_cat?post=560"},{"taxonomy":"product_tag","embeddable":true,"href":"https:\/\/serviciotecnicoenoc.cl\/index.php\/wp-json\/wp\/v2\/product_tag?post=560"}],"curies":[{"name":"wp","href":"https:\/\/api.w.org\/{rel}","templated":true}]}}