{"id":557,"date":"2024-03-07T17:20:47","date_gmt":"2024-03-07T17:20:47","guid":{"rendered":"https:\/\/stsenoc.cl\/desarrollo\/?post_type=product&#038;p=557"},"modified":"2025-06-26T21:40:13","modified_gmt":"2025-06-27T01:40:13","slug":"ms-project-2021-licencia-original-permanente-1-dispositivo","status":"publish","type":"product","link":"https:\/\/serviciotecnicoenoc.cl\/index.php\/product\/ms-project-2021-licencia-original-permanente-1-dispositivo\/","title":{"rendered":"MS Project 2021 &#8211; Licencia Permanente &#8211; (1) Dispositivo"},"content":{"rendered":"<p>&nbsp;<\/p>\n<p>Microsoft Project es un conjunto de herramientas para gestionar Proyectos y Portafolios (PPM).<br \/>\n1.-Reportes informativos: Los informes integrados como el de Evoluci\u00f3n y el de Informaci\u00f3n General de los Recursos, entregan datos pr\u00e1cticos a las partes interesadas para alcanzar mejores resultados.<br \/>\n2.-Visualiza las relaciones: Dise\u00f1o de diagramas de Gantt te permite visualizar las tareas relacionadas.<br \/>\n3.-Planilla de horarios: Podr\u00e1s capturar el tiempo dedicado al trabajo dentro y fuera de los proyectos a fin de elaborar n\u00f3minas, facturaci\u00f3n, etc.<\/p>\n<p>\u2705Licencia para (1) dispositivo.<\/p>\n<p>\u2705Sistema operativo compatible: Windows.<\/p>\n<p>\u2705Licencia permanente, no vence ni expira.<\/p>\n<p>\u2705Clave de activaci\u00f3n: Serial de 25 caracteres \u00fanicos.<\/p>\n<p>\u2705Soporte Post Venta en el caso de cualquier duda o consulta con la instalaci\u00f3n.<\/p>\n<p>\u00bfPor qu\u00e9 deber\u00edas comprarnos a nosotros?<\/p>\n<p><strong>\ud83d\udcaa\ud83c\udffbSomos una empresa Chilena establecida Otorgamos Boleta\/factura\ud83c\udde8\ud83c\uddf1<\/strong><br \/>\n\ud83d\udcaa\ud83c\udffbOfrecemos una pol\u00edtica de devoluci\u00f3n transparente. Si por alguna raz\u00f3n no est\u00e1s satisfecho con tu compra, te garantizamos un proceso de devoluci\u00f3n f\u00e1cil y sin complicaciones.<br \/>\n\ud83d\udcaa\ud83c\udffbNuestro proceso de pago est\u00e1 cifrado y es completamente seguro. Puedes realizar tus transacciones con la confianza de que tu informaci\u00f3n financiera est\u00e1 protegida.<\/p>\n","protected":false},"excerpt":{"rendered":"<p>&nbsp; Microsoft Project es un conjunto de herramientas para gestionar Proyectos y Portafolios (PPM). 1.-Reportes informativos: Los informes integrados como el de Evoluci\u00f3n y el de Informaci\u00f3n General de los Recursos, entregan datos pr\u00e1cticos a las partes interesadas para alcanzar mejores resultados. 2.-Visualiza las relaciones: Dise\u00f1o de diagramas de Gantt te permite visualizar las tareas [&hellip;]<\/p>\n","protected":false},"featured_media":7983,"template":"","meta":[],"product_brand":[],"product_cat":[45,46,38],"product_tag":[],"class_list":{"0":"post-557","1":"product","2":"type-product","3":"status-publish","4":"has-post-thumbnail","6":"product_cat-ofimatica","7":"product_cat-ingenieria-y-arquitectura","8":"product_cat-licencias","10":"first","11":"instock","12":"sale","13":"featured","14":"virtual","15":"purchasable","16":"product-type-simple"},"jetpack_sharing_enabled":true,"_links":{"self":[{"href":"https:\/\/serviciotecnicoenoc.cl\/index.php\/wp-json\/wp\/v2\/product\/557","targetHints":{"allow":["GET"]}}],"collection":[{"href":"https:\/\/serviciotecnicoenoc.cl\/index.php\/wp-json\/wp\/v2\/product"}],"about":[{"href":"https:\/\/serviciotecnicoenoc.cl\/index.php\/wp-json\/wp\/v2\/types\/product"}],"wp:featuredmedia":[{"embeddable":true,"href":"https:\/\/serviciotecnicoenoc.cl\/index.php\/wp-json\/wp\/v2\/media\/7983"}],"wp:attachment":[{"href":"https:\/\/serviciotecnicoenoc.cl\/index.php\/wp-json\/wp\/v2\/media?parent=557"}],"wp:term":[{"taxonomy":"product_brand","embeddable":true,"href":"https:\/\/serviciotecnicoenoc.cl\/index.php\/wp-json\/wp\/v2\/product_brand?post=557"},{"taxonomy":"product_cat","embeddable":true,"href":"https:\/\/serviciotecnicoenoc.cl\/index.php\/wp-json\/wp\/v2\/product_cat?post=557"},{"taxonomy":"product_tag","embeddable":true,"href":"https:\/\/serviciotecnicoenoc.cl\/index.php\/wp-json\/wp\/v2\/product_tag?post=557"}],"curies":[{"name":"wp","href":"https:\/\/api.w.org\/{rel}","templated":true}]}}