{"id":552,"date":"2024-03-07T17:07:25","date_gmt":"2024-03-07T17:07:25","guid":{"rendered":"https:\/\/stsenoc.cl\/desarrollo\/?post_type=product&#038;p=552"},"modified":"2025-12-22T12:01:53","modified_gmt":"2025-12-22T15:01:53","slug":"licencia-original-civil-3d-profesional-1-ano","status":"publish","type":"product","link":"https:\/\/serviciotecnicoenoc.cl\/index.php\/product\/licencia-original-civil-3d-profesional-1-ano\/","title":{"rendered":"Licencia Civil 3D \u2013 (1) A\u00f1o \ud83e\udd13"},"content":{"rendered":"<p>&nbsp;<\/p>\n<p>Herramienta de dise\u00f1o y documentaci\u00f3n de ingenier\u00eda civil que permite el modelado de terrenos, dise\u00f1o de carreteras y gesti\u00f3n de proyectos.<\/p>\n<p>\u2705Licencia para uso en hasta dos (2) dispositivos.<\/p>\n<p>\u2705Sistema operativo compatible: Windows.<\/p>\n<p>\u2705Licencia Por (1) a\u00f1o.<\/p>\n<p>\u2705Se asocia la licencia a tu correo electr\u00f3nico personal.<\/p>\n<p>\u2705Soporte Post Venta en el caso de cualquier duda o consulta con la instalaci\u00f3n.<\/p>\n<p>\u00bfPor qu\u00e9 deber\u00edas comprarnos a nosotros?<\/p>\n<p><strong>\ud83d\udcaa\ud83c\udffbSomos una empresa Chilena establecida Otorgamos Boleta\/factura\ud83c\udde8\ud83c\uddf1<\/strong><br \/>\n\ud83d\udcaa\ud83c\udffbOfrecemos una pol\u00edtica de devoluci\u00f3n transparente. Si por alguna raz\u00f3n no est\u00e1s satisfecho con tu compra, te garantizamos un proceso de devoluci\u00f3n f\u00e1cil y sin complicaciones.<br \/>\n\ud83d\udcaa\ud83c\udffbNuestro proceso de pago est\u00e1 cifrado y es completamente seguro. Puedes realizar tus transacciones con la confianza de que tu informaci\u00f3n financiera est\u00e1 protegida.<\/p>\n","protected":false},"excerpt":{"rendered":"<p>&nbsp; Herramienta de dise\u00f1o y documentaci\u00f3n de ingenier\u00eda civil que permite el modelado de terrenos, dise\u00f1o de carreteras y gesti\u00f3n de proyectos. \u2705Licencia para uso en hasta dos (2) dispositivos. \u2705Sistema operativo compatible: Windows. \u2705Licencia Por (1) a\u00f1o. \u2705Se asocia la licencia a tu correo electr\u00f3nico personal. \u2705Soporte Post Venta en el caso de cualquier [&hellip;]<\/p>\n","protected":false},"featured_media":9236,"template":"","meta":[],"product_brand":[],"product_cat":[47,46,38],"product_tag":[],"class_list":{"0":"post-552","1":"product","2":"type-product","3":"status-publish","4":"has-post-thumbnail","6":"product_cat-modelado-3d","7":"product_cat-ingenieria-y-arquitectura","8":"product_cat-licencias","10":"first","11":"instock","12":"sale","13":"virtual","14":"purchasable","15":"product-type-simple"},"jetpack_sharing_enabled":true,"_links":{"self":[{"href":"https:\/\/serviciotecnicoenoc.cl\/index.php\/wp-json\/wp\/v2\/product\/552","targetHints":{"allow":["GET"]}}],"collection":[{"href":"https:\/\/serviciotecnicoenoc.cl\/index.php\/wp-json\/wp\/v2\/product"}],"about":[{"href":"https:\/\/serviciotecnicoenoc.cl\/index.php\/wp-json\/wp\/v2\/types\/product"}],"wp:featuredmedia":[{"embeddable":true,"href":"https:\/\/serviciotecnicoenoc.cl\/index.php\/wp-json\/wp\/v2\/media\/9236"}],"wp:attachment":[{"href":"https:\/\/serviciotecnicoenoc.cl\/index.php\/wp-json\/wp\/v2\/media?parent=552"}],"wp:term":[{"taxonomy":"product_brand","embeddable":true,"href":"https:\/\/serviciotecnicoenoc.cl\/index.php\/wp-json\/wp\/v2\/product_brand?post=552"},{"taxonomy":"product_cat","embeddable":true,"href":"https:\/\/serviciotecnicoenoc.cl\/index.php\/wp-json\/wp\/v2\/product_cat?post=552"},{"taxonomy":"product_tag","embeddable":true,"href":"https:\/\/serviciotecnicoenoc.cl\/index.php\/wp-json\/wp\/v2\/product_tag?post=552"}],"curies":[{"name":"wp","href":"https:\/\/api.w.org\/{rel}","templated":true}]}}