{"id":547,"date":"2024-03-07T16:36:41","date_gmt":"2024-03-07T16:36:41","guid":{"rendered":"https:\/\/stsenoc.cl\/desarrollo\/?post_type=product&#038;p=547"},"modified":"2026-01-10T15:41:11","modified_gmt":"2026-01-10T18:41:11","slug":"licencia-original-autocad-profesional-1-ano","status":"publish","type":"product","link":"https:\/\/serviciotecnicoenoc.cl\/index.php\/product\/licencia-original-autocad-profesional-1-ano\/","title":{"rendered":"AutoCAD Original para PC WIN-MAC | Todas las Ediciones"},"content":{"rendered":"<p>&nbsp;<\/p>\n<p>\u2705Licencia de Autocad Profesional.<\/p>\n<p>\u2705Duraci\u00f3n de (1a\u00f1o).<\/p>\n<p>\u2705Se asocia a tu correo personal.<\/p>\n<p>\u2705A\u00f1o 2025 &#8211; 2024 &#8211; 2023 &#8211; 2022.<\/p>\n<p>\u2705Sistemas operativos compatibles: Windows, MAC, Android.<\/p>\n<p>\u2705Soporte Post Venta en el caso de cualquier duda o consulta con la instalaci\u00f3n.<\/p>\n<p>\u00bfPor qu\u00e9 deber\u00edas comprarnos a nosotros?<\/p>\n<p><strong>\ud83d\udcaa\ud83c\udffbSomos una empresa Chilena establecida Otorgamos Boleta\/factura\ud83c\udde8\ud83c\uddf1<\/strong><br \/>\n\ud83d\udcaa\ud83c\udffbOfrecemos una pol\u00edtica de devoluci\u00f3n transparente. Si por alguna raz\u00f3n no est\u00e1s satisfecho con tu compra, te garantizamos un proceso de devoluci\u00f3n f\u00e1cil y sin complicaciones.<br \/>\n\ud83d\udcaa\ud83c\udffbNuestro proceso de pago est\u00e1 cifrado y es completamente seguro. Puedes realizar tus transacciones con la confianza de que tu informaci\u00f3n financiera est\u00e1 protegida.<\/p>\n","protected":false},"excerpt":{"rendered":"<p>&nbsp; \u2705Licencia de Autocad Profesional. \u2705Duraci\u00f3n de (1a\u00f1o). \u2705Se asocia a tu correo personal. \u2705A\u00f1o 2025 &#8211; 2024 &#8211; 2023 &#8211; 2022. \u2705Sistemas operativos compatibles: Windows, MAC, Android. \u2705Soporte Post Venta en el caso de cualquier duda o consulta con la instalaci\u00f3n. \u00bfPor qu\u00e9 deber\u00edas comprarnos a nosotros? \ud83d\udcaa\ud83c\udffbSomos una empresa Chilena establecida Otorgamos Boleta\/factura\ud83c\udde8\ud83c\uddf1 [&hellip;]<\/p>\n","protected":false},"featured_media":9235,"template":"","meta":[],"product_brand":[],"product_cat":[46,38],"product_tag":[],"class_list":{"0":"post-547","1":"product","2":"type-product","3":"status-publish","4":"has-post-thumbnail","6":"product_cat-ingenieria-y-arquitectura","7":"product_cat-licencias","9":"first","10":"instock","11":"featured","12":"virtual","13":"purchasable","14":"product-type-simple"},"jetpack_sharing_enabled":true,"_links":{"self":[{"href":"https:\/\/serviciotecnicoenoc.cl\/index.php\/wp-json\/wp\/v2\/product\/547","targetHints":{"allow":["GET"]}}],"collection":[{"href":"https:\/\/serviciotecnicoenoc.cl\/index.php\/wp-json\/wp\/v2\/product"}],"about":[{"href":"https:\/\/serviciotecnicoenoc.cl\/index.php\/wp-json\/wp\/v2\/types\/product"}],"wp:featuredmedia":[{"embeddable":true,"href":"https:\/\/serviciotecnicoenoc.cl\/index.php\/wp-json\/wp\/v2\/media\/9235"}],"wp:attachment":[{"href":"https:\/\/serviciotecnicoenoc.cl\/index.php\/wp-json\/wp\/v2\/media?parent=547"}],"wp:term":[{"taxonomy":"product_brand","embeddable":true,"href":"https:\/\/serviciotecnicoenoc.cl\/index.php\/wp-json\/wp\/v2\/product_brand?post=547"},{"taxonomy":"product_cat","embeddable":true,"href":"https:\/\/serviciotecnicoenoc.cl\/index.php\/wp-json\/wp\/v2\/product_cat?post=547"},{"taxonomy":"product_tag","embeddable":true,"href":"https:\/\/serviciotecnicoenoc.cl\/index.php\/wp-json\/wp\/v2\/product_tag?post=547"}],"curies":[{"name":"wp","href":"https:\/\/api.w.org\/{rel}","templated":true}]}}