{"id":544,"date":"2024-03-07T16:30:20","date_gmt":"2024-03-07T16:30:20","guid":{"rendered":"https:\/\/stsenoc.cl\/desarrollo\/?post_type=product&#038;p=544"},"modified":"2024-12-02T12:04:27","modified_gmt":"2024-12-02T15:04:27","slug":"fusion-360-licencia-original-profesional-1-ano","status":"publish","type":"product","link":"https:\/\/serviciotecnicoenoc.cl\/index.php\/product\/fusion-360-licencia-original-profesional-1-ano\/","title":{"rendered":"Fusion 360 &#8211; Licencia Profesional &#8211; (1) A\u00f1o \ud83e\udd13"},"content":{"rendered":"<p>&nbsp;<\/p>\n<p>M\u00e1s que CAD, es el futuro del dise\u00f1o y la fabricaci\u00f3n\ud83e\udd29 Fusion 360 es una plataforma de software CAD, CAM, CAE y de circuitos impresos de modelado 3D basada en la nube para el dise\u00f1o y la manufactura de productos.<\/p>\n<p>1.-Dise\u00f1a y proyecta productos del modo que desees para garantizar su ajuste, est\u00e9tica, forma y funci\u00f3n.<br \/>\n2.-Proyecta, dise\u00f1a y crea lo que quieras con los amplios componentes electr\u00f3nicos y las herramientas de dise\u00f1o de circuitos impresos.<br \/>\n3.-Ahorra tiempo y dinero, y fabrica piezas de calidad m\u00e1s r\u00e1pido.<\/p>\n<p>\u2705Licencia de Fusion 360 Profesional.<\/p>\n<p>\u2705Actualizaciones con IA.<\/p>\n<p>\u2705Duraci\u00f3n de (1a\u00f1o).<\/p>\n<p>\u2705Se asocia a tu correo personal.<\/p>\n<p>\u2705A\u00f1o 2025 &#8211; 2024 &#8211; 2023 &#8211; 2022.<\/p>\n<p>\u2705Sistemas operativos compatibles: Windows, MAC.<\/p>\n<p>\u2705Soporte Post Venta en el caso de cualquier duda o consulta con la instalaci\u00f3n.<\/p>\n<p>\u00bfPor qu\u00e9 deber\u00edas comprarnos a nosotros?<\/p>\n<p><strong>\ud83d\udcaa\ud83c\udffbSomos una empresa Chilena establecida Otorgamos Boleta\/factura\ud83c\udde8\ud83c\uddf1<\/strong><br \/>\n\ud83d\udcaa\ud83c\udffbOfrecemos una pol\u00edtica de devoluci\u00f3n transparente. Si por alguna raz\u00f3n no est\u00e1s satisfecho con tu compra, te garantizamos un proceso de devoluci\u00f3n f\u00e1cil y sin complicaciones.<br \/>\n\ud83d\udcaa\ud83c\udffbNuestro proceso de pago est\u00e1 cifrado y es completamente seguro. Puedes realizar tus transacciones con la confianza de que tu informaci\u00f3n financiera est\u00e1 protegida.<\/p>\n","protected":false},"excerpt":{"rendered":"<p>&nbsp; M\u00e1s que CAD, es el futuro del dise\u00f1o y la fabricaci\u00f3n\ud83e\udd29 Fusion 360 es una plataforma de software CAD, CAM, CAE y de circuitos impresos de modelado 3D basada en la nube para el dise\u00f1o y la manufactura de productos. 1.-Dise\u00f1a y proyecta productos del modo que desees para garantizar su ajuste, est\u00e9tica, forma [&hellip;]<\/p>\n","protected":false},"featured_media":9237,"template":"","meta":[],"product_brand":[],"product_cat":[47,46,38],"product_tag":[],"class_list":{"0":"post-544","1":"product","2":"type-product","3":"status-publish","4":"has-post-thumbnail","6":"product_cat-modelado-3d","7":"product_cat-ingenieria-y-arquitectura","8":"product_cat-licencias","10":"first","11":"instock","12":"featured","13":"virtual","14":"purchasable","15":"product-type-simple"},"jetpack_sharing_enabled":true,"_links":{"self":[{"href":"https:\/\/serviciotecnicoenoc.cl\/index.php\/wp-json\/wp\/v2\/product\/544","targetHints":{"allow":["GET"]}}],"collection":[{"href":"https:\/\/serviciotecnicoenoc.cl\/index.php\/wp-json\/wp\/v2\/product"}],"about":[{"href":"https:\/\/serviciotecnicoenoc.cl\/index.php\/wp-json\/wp\/v2\/types\/product"}],"wp:featuredmedia":[{"embeddable":true,"href":"https:\/\/serviciotecnicoenoc.cl\/index.php\/wp-json\/wp\/v2\/media\/9237"}],"wp:attachment":[{"href":"https:\/\/serviciotecnicoenoc.cl\/index.php\/wp-json\/wp\/v2\/media?parent=544"}],"wp:term":[{"taxonomy":"product_brand","embeddable":true,"href":"https:\/\/serviciotecnicoenoc.cl\/index.php\/wp-json\/wp\/v2\/product_brand?post=544"},{"taxonomy":"product_cat","embeddable":true,"href":"https:\/\/serviciotecnicoenoc.cl\/index.php\/wp-json\/wp\/v2\/product_cat?post=544"},{"taxonomy":"product_tag","embeddable":true,"href":"https:\/\/serviciotecnicoenoc.cl\/index.php\/wp-json\/wp\/v2\/product_tag?post=544"}],"curies":[{"name":"wp","href":"https:\/\/api.w.org\/{rel}","templated":true}]}}