{"id":542,"date":"2024-03-07T16:15:15","date_gmt":"2024-03-07T16:15:15","guid":{"rendered":"https:\/\/stsenoc.cl\/desarrollo\/?post_type=product&#038;p=542"},"modified":"2025-10-23T09:14:27","modified_gmt":"2025-10-23T12:14:27","slug":"eset-internet-security-nod32-1-dispositivo-1-ano","status":"publish","type":"product","link":"https:\/\/serviciotecnicoenoc.cl\/index.php\/product\/eset-internet-security-nod32-1-dispositivo-1-ano\/","title":{"rendered":"ESET Internet Security NOD32 &#8211; (1) dispositivo &#8211; (1) a\u00f1o"},"content":{"rendered":"<p>&nbsp;<\/p>\n<p>Asegura tu vida online con ESET Internet Security. Compra, realiza transacciones bancarias, con\u00e9ctate con amigos, trabaja y disfruta de tus dispositivos sin preocuparte por tu privacidad digital.<\/p>\n<p>\u2705Duraci\u00f3n de (1a\u00f1o).<\/p>\n<p>\u2705Uso para (1) dispositivo.<\/p>\n<p>\u2705Sistemas operativos compatibles: Windows, MAC.<\/p>\n<p>\u2705Soporte Post Venta en el caso de cualquier duda o consulta con la instalaci\u00f3n.<\/p>\n<p>\u00bfPor qu\u00e9 deber\u00edas comprarnos a nosotros?<\/p>\n<p><strong>\ud83d\udcaa\ud83c\udffbSomos una empresa Chilena establecida Otorgamos Boleta\/factura\ud83c\udde8\ud83c\uddf1<\/strong><br \/>\n\ud83d\udcaa\ud83c\udffbOfrecemos una pol\u00edtica de devoluci\u00f3n transparente. Si por alguna raz\u00f3n no est\u00e1s satisfecho con tu compra, te garantizamos un proceso de devoluci\u00f3n f\u00e1cil y sin complicaciones.<br \/>\n\ud83d\udcaa\ud83c\udffbNuestro proceso de pago est\u00e1 cifrado y es completamente seguro. Puedes realizar tus transacciones con la confianza de que tu informaci\u00f3n financiera est\u00e1 protegida.<\/p>\n","protected":false},"excerpt":{"rendered":"<p>&nbsp; Asegura tu vida online con ESET Internet Security. Compra, realiza transacciones bancarias, con\u00e9ctate con amigos, trabaja y disfruta de tus dispositivos sin preocuparte por tu privacidad digital. \u2705Duraci\u00f3n de (1a\u00f1o). \u2705Uso para (1) dispositivo. \u2705Sistemas operativos compatibles: Windows, MAC. \u2705Soporte Post Venta en el caso de cualquier duda o consulta con la instalaci\u00f3n. \u00bfPor [&hellip;]<\/p>\n","protected":false},"featured_media":7991,"template":"","meta":[],"product_brand":[],"product_cat":[48,38],"product_tag":[],"class_list":{"0":"post-542","1":"product","2":"type-product","3":"status-publish","4":"has-post-thumbnail","6":"product_cat-antivirus","7":"product_cat-licencias","9":"first","10":"instock","11":"sale","12":"featured","13":"virtual","14":"purchasable","15":"product-type-simple"},"jetpack_sharing_enabled":true,"_links":{"self":[{"href":"https:\/\/serviciotecnicoenoc.cl\/index.php\/wp-json\/wp\/v2\/product\/542","targetHints":{"allow":["GET"]}}],"collection":[{"href":"https:\/\/serviciotecnicoenoc.cl\/index.php\/wp-json\/wp\/v2\/product"}],"about":[{"href":"https:\/\/serviciotecnicoenoc.cl\/index.php\/wp-json\/wp\/v2\/types\/product"}],"wp:featuredmedia":[{"embeddable":true,"href":"https:\/\/serviciotecnicoenoc.cl\/index.php\/wp-json\/wp\/v2\/media\/7991"}],"wp:attachment":[{"href":"https:\/\/serviciotecnicoenoc.cl\/index.php\/wp-json\/wp\/v2\/media?parent=542"}],"wp:term":[{"taxonomy":"product_brand","embeddable":true,"href":"https:\/\/serviciotecnicoenoc.cl\/index.php\/wp-json\/wp\/v2\/product_brand?post=542"},{"taxonomy":"product_cat","embeddable":true,"href":"https:\/\/serviciotecnicoenoc.cl\/index.php\/wp-json\/wp\/v2\/product_cat?post=542"},{"taxonomy":"product_tag","embeddable":true,"href":"https:\/\/serviciotecnicoenoc.cl\/index.php\/wp-json\/wp\/v2\/product_tag?post=542"}],"curies":[{"name":"wp","href":"https:\/\/api.w.org\/{rel}","templated":true}]}}