{"id":4868,"date":"2024-05-13T14:24:54","date_gmt":"2024-05-13T18:24:54","guid":{"rendered":"https:\/\/serviciotecnicoenoc.cl\/?post_type=product&#038;p=4868"},"modified":"2025-12-20T16:38:47","modified_gmt":"2025-12-20T19:38:47","slug":"licencia-permanente-windows-11-pro","status":"publish","type":"product","link":"https:\/\/serviciotecnicoenoc.cl\/index.php\/product\/licencia-permanente-windows-11-pro\/","title":{"rendered":"Windows 11 Pro \u2013 Licencia Permanente \u2013 (1) Dispositivo"},"content":{"rendered":"<p>&nbsp;<\/p>\n<p>Sistema operativo de Microsoft con caracter\u00edsticas mejoradas en comparaci\u00f3n con versiones anteriores, incluyendo una interfaz m\u00e1s moderna y nuevas funciones de productividad.<\/p>\n<p>\u2705Licencia para (1) dispositivo.<\/p>\n<p>\u2705Sistema operativo compatible: Windows.<\/p>\n<p>\u2705Licencia permanente, no vence ni expira.<\/p>\n<p>\u2705Clave de activaci\u00f3n: Serial de 25 caracteres \u00fanicos.<\/p>\n<p>\u2705Soporte Post Venta en el caso de cualquier duda o consulta con la instalaci\u00f3n.<\/p>\n<p>\u00bfPor qu\u00e9 deber\u00edas comprarnos a nosotros?<\/p>\n<p><strong>\ud83d\udcaa\ud83c\udffbSomos una empresa Chilena establecida Otorgamos Boleta\/factura\ud83c\udde8\ud83c\uddf1<\/strong><br \/>\n\ud83d\udcaa\ud83c\udffbOfrecemos una pol\u00edtica de devoluci\u00f3n transparente. Si por alguna raz\u00f3n no est\u00e1s satisfecho con tu compra, te garantizamos un proceso de devoluci\u00f3n f\u00e1cil y sin complicaciones.<br \/>\n\ud83d\udcaa\ud83c\udffbNuestro proceso de pago est\u00e1 cifrado y es completamente seguro. Puedes realizar tus transacciones con la confianza de que tu informaci\u00f3n financiera est\u00e1 protegida.<\/p>\n","protected":false},"excerpt":{"rendered":"<p>&nbsp; Sistema operativo de Microsoft con caracter\u00edsticas mejoradas en comparaci\u00f3n con versiones anteriores, incluyendo una interfaz m\u00e1s moderna y nuevas funciones de productividad. \u2705Licencia para (1) dispositivo. \u2705Sistema operativo compatible: Windows. \u2705Licencia permanente, no vence ni expira. \u2705Clave de activaci\u00f3n: Serial de 25 caracteres \u00fanicos. \u2705Soporte Post Venta en el caso de cualquier duda o [&hellip;]<\/p>\n","protected":false},"featured_media":7963,"template":"","meta":[],"product_brand":[],"product_cat":[42,38],"product_tag":[],"class_list":{"0":"post-4868","1":"product","2":"type-product","3":"status-publish","4":"has-post-thumbnail","6":"product_cat-so","7":"product_cat-licencias","9":"first","10":"instock","11":"virtual","12":"purchasable","13":"product-type-simple"},"jetpack_sharing_enabled":true,"_links":{"self":[{"href":"https:\/\/serviciotecnicoenoc.cl\/index.php\/wp-json\/wp\/v2\/product\/4868","targetHints":{"allow":["GET"]}}],"collection":[{"href":"https:\/\/serviciotecnicoenoc.cl\/index.php\/wp-json\/wp\/v2\/product"}],"about":[{"href":"https:\/\/serviciotecnicoenoc.cl\/index.php\/wp-json\/wp\/v2\/types\/product"}],"wp:featuredmedia":[{"embeddable":true,"href":"https:\/\/serviciotecnicoenoc.cl\/index.php\/wp-json\/wp\/v2\/media\/7963"}],"wp:attachment":[{"href":"https:\/\/serviciotecnicoenoc.cl\/index.php\/wp-json\/wp\/v2\/media?parent=4868"}],"wp:term":[{"taxonomy":"product_brand","embeddable":true,"href":"https:\/\/serviciotecnicoenoc.cl\/index.php\/wp-json\/wp\/v2\/product_brand?post=4868"},{"taxonomy":"product_cat","embeddable":true,"href":"https:\/\/serviciotecnicoenoc.cl\/index.php\/wp-json\/wp\/v2\/product_cat?post=4868"},{"taxonomy":"product_tag","embeddable":true,"href":"https:\/\/serviciotecnicoenoc.cl\/index.php\/wp-json\/wp\/v2\/product_tag?post=4868"}],"curies":[{"name":"wp","href":"https:\/\/api.w.org\/{rel}","templated":true}]}}