{"id":4859,"date":"2024-05-13T14:10:41","date_gmt":"2024-05-13T18:10:41","guid":{"rendered":"https:\/\/serviciotecnicoenoc.cl\/?post_type=product&#038;p=4859"},"modified":"2024-12-03T08:43:12","modified_gmt":"2024-12-03T11:43:12","slug":"licencia-maya","status":"publish","type":"product","link":"https:\/\/serviciotecnicoenoc.cl\/index.php\/product\/licencia-maya\/","title":{"rendered":"Licencia Maya \u2013 (1) A\u00f1o \ud83e\udd13"},"content":{"rendered":"<p>&nbsp;<\/p>\n<p>Software de animaci\u00f3n, modelado, simulaci\u00f3n y renderizaci\u00f3n 3D utilizado en la industria del cine, videojuegos y dise\u00f1o de personajes.<br \/>\nAdvance Steel: Software de modelado y detallado de estructuras met\u00e1licas para la industria de la construcci\u00f3n.<\/p>\n<p>\u2705Licencia para uso en hasta dos (2) dispositivos.<\/p>\n<p>\u2705Sistema operativo compatible: Windows y Mac.<\/p>\n<p>\u2705Licencia Por (1) a\u00f1o.<\/p>\n<p>\u2705Se asocia la licencia a tu correo electr\u00f3nico personal.<\/p>\n<p>\u2705Soporte Post Venta en el caso de cualquier duda o consulta con la instalaci\u00f3n.<\/p>\n<p>\u00bfPor qu\u00e9 deber\u00edas comprarnos a nosotros?<\/p>\n<p><strong>\ud83d\udcaa\ud83c\udffbSomos una empresa Chilena establecida Otorgamos Boleta\/factura\ud83c\udde8\ud83c\uddf1<\/strong><br \/>\n\ud83d\udcaa\ud83c\udffbOfrecemos una pol\u00edtica de devoluci\u00f3n transparente. Si por alguna raz\u00f3n no est\u00e1s satisfecho con tu compra, te garantizamos un proceso de devoluci\u00f3n f\u00e1cil y sin complicaciones.<br \/>\n\ud83d\udcaa\ud83c\udffbNuestro proceso de pago est\u00e1 cifrado y es completamente seguro. Puedes realizar tus transacciones con la confianza de que tu informaci\u00f3n financiera est\u00e1 protegida.<\/p>\n","protected":false},"excerpt":{"rendered":"<p>&nbsp; Software de animaci\u00f3n, modelado, simulaci\u00f3n y renderizaci\u00f3n 3D utilizado en la industria del cine, videojuegos y dise\u00f1o de personajes. Advance Steel: Software de modelado y detallado de estructuras met\u00e1licas para la industria de la construcci\u00f3n. \u2705Licencia para uso en hasta dos (2) dispositivos. \u2705Sistema operativo compatible: Windows y Mac. \u2705Licencia Por (1) a\u00f1o. \u2705Se [&hellip;]<\/p>\n","protected":false},"featured_media":7968,"template":"","meta":[],"product_brand":[],"product_cat":[47,38],"product_tag":[],"class_list":{"0":"post-4859","1":"product","2":"type-product","3":"status-publish","4":"has-post-thumbnail","6":"product_cat-modelado-3d","7":"product_cat-licencias","9":"first","10":"instock","11":"virtual","12":"purchasable","13":"product-type-simple"},"jetpack_sharing_enabled":true,"_links":{"self":[{"href":"https:\/\/serviciotecnicoenoc.cl\/index.php\/wp-json\/wp\/v2\/product\/4859","targetHints":{"allow":["GET"]}}],"collection":[{"href":"https:\/\/serviciotecnicoenoc.cl\/index.php\/wp-json\/wp\/v2\/product"}],"about":[{"href":"https:\/\/serviciotecnicoenoc.cl\/index.php\/wp-json\/wp\/v2\/types\/product"}],"wp:featuredmedia":[{"embeddable":true,"href":"https:\/\/serviciotecnicoenoc.cl\/index.php\/wp-json\/wp\/v2\/media\/7968"}],"wp:attachment":[{"href":"https:\/\/serviciotecnicoenoc.cl\/index.php\/wp-json\/wp\/v2\/media?parent=4859"}],"wp:term":[{"taxonomy":"product_brand","embeddable":true,"href":"https:\/\/serviciotecnicoenoc.cl\/index.php\/wp-json\/wp\/v2\/product_brand?post=4859"},{"taxonomy":"product_cat","embeddable":true,"href":"https:\/\/serviciotecnicoenoc.cl\/index.php\/wp-json\/wp\/v2\/product_cat?post=4859"},{"taxonomy":"product_tag","embeddable":true,"href":"https:\/\/serviciotecnicoenoc.cl\/index.php\/wp-json\/wp\/v2\/product_tag?post=4859"}],"curies":[{"name":"wp","href":"https:\/\/api.w.org\/{rel}","templated":true}]}}