{"id":4838,"date":"2024-05-13T12:19:41","date_gmt":"2024-05-13T16:19:41","guid":{"rendered":"https:\/\/serviciotecnicoenoc.cl\/?post_type=product&#038;p=4838"},"modified":"2024-12-02T18:56:17","modified_gmt":"2024-12-02T21:56:17","slug":"licencia-inventor-pro","status":"publish","type":"product","link":"https:\/\/serviciotecnicoenoc.cl\/index.php\/product\/licencia-inventor-pro\/","title":{"rendered":"Licencia Inventor PRO \u2013 (1) A\u00f1o \ud83e\udd13"},"content":{"rendered":"<p>&nbsp;<\/p>\n<p>Excelente aplicaci\u00f3n dise\u00f1o mec\u00e1nico y modelado 3D para ingenieros y dise\u00f1adores que permite crear, simular y visualizar productos.<\/p>\n<p>\u2705Licencia para uso en hasta dos (2) dispositivos.<\/p>\n<p>\u2705Sistema operativo compatible: Windows.<\/p>\n<p>\u2705Licencia Por (1) a\u00f1o.<\/p>\n<p>\u2705Se asocia la licencia a tu correo electr\u00f3nico personal.<\/p>\n<p>\u2705Soporte Post Venta en el caso de cualquier duda o consulta con la instalaci\u00f3n.<\/p>\n<p>\u00bfPor qu\u00e9 deber\u00edas comprarnos a nosotros?<\/p>\n<p><strong>\ud83d\udcaa\ud83c\udffbSomos una empresa Chilena establecida Otorgamos Boleta\/factura\ud83c\udde8\ud83c\uddf1<\/strong><br \/>\n\ud83d\udcaa\ud83c\udffbOfrecemos una pol\u00edtica de devoluci\u00f3n transparente. Si por alguna raz\u00f3n no est\u00e1s satisfecho con tu compra, te garantizamos un proceso de devoluci\u00f3n f\u00e1cil y sin complicaciones.<br \/>\n\ud83d\udcaa\ud83c\udffbNuestro proceso de pago est\u00e1 cifrado y es completamente seguro. Puedes realizar tus transacciones con la confianza de que tu informaci\u00f3n financiera est\u00e1 protegida.<\/p>\n","protected":false},"excerpt":{"rendered":"<p>&nbsp; Excelente aplicaci\u00f3n dise\u00f1o mec\u00e1nico y modelado 3D para ingenieros y dise\u00f1adores que permite crear, simular y visualizar productos. \u2705Licencia para uso en hasta dos (2) dispositivos. \u2705Sistema operativo compatible: Windows. \u2705Licencia Por (1) a\u00f1o. \u2705Se asocia la licencia a tu correo electr\u00f3nico personal. \u2705Soporte Post Venta en el caso de cualquier duda o consulta [&hellip;]<\/p>\n","protected":false},"featured_media":7980,"template":"","meta":[],"product_brand":[],"product_cat":[46,38],"product_tag":[],"class_list":{"0":"post-4838","1":"product","2":"type-product","3":"status-publish","4":"has-post-thumbnail","6":"product_cat-ingenieria-y-arquitectura","7":"product_cat-licencias","9":"first","10":"instock","11":"virtual","12":"purchasable","13":"product-type-simple"},"jetpack_sharing_enabled":true,"_links":{"self":[{"href":"https:\/\/serviciotecnicoenoc.cl\/index.php\/wp-json\/wp\/v2\/product\/4838","targetHints":{"allow":["GET"]}}],"collection":[{"href":"https:\/\/serviciotecnicoenoc.cl\/index.php\/wp-json\/wp\/v2\/product"}],"about":[{"href":"https:\/\/serviciotecnicoenoc.cl\/index.php\/wp-json\/wp\/v2\/types\/product"}],"wp:featuredmedia":[{"embeddable":true,"href":"https:\/\/serviciotecnicoenoc.cl\/index.php\/wp-json\/wp\/v2\/media\/7980"}],"wp:attachment":[{"href":"https:\/\/serviciotecnicoenoc.cl\/index.php\/wp-json\/wp\/v2\/media?parent=4838"}],"wp:term":[{"taxonomy":"product_brand","embeddable":true,"href":"https:\/\/serviciotecnicoenoc.cl\/index.php\/wp-json\/wp\/v2\/product_brand?post=4838"},{"taxonomy":"product_cat","embeddable":true,"href":"https:\/\/serviciotecnicoenoc.cl\/index.php\/wp-json\/wp\/v2\/product_cat?post=4838"},{"taxonomy":"product_tag","embeddable":true,"href":"https:\/\/serviciotecnicoenoc.cl\/index.php\/wp-json\/wp\/v2\/product_tag?post=4838"}],"curies":[{"name":"wp","href":"https:\/\/api.w.org\/{rel}","templated":true}]}}