{"id":2612,"date":"2024-04-10T16:56:34","date_gmt":"2024-04-10T16:56:34","guid":{"rendered":"https:\/\/stsenoc.cl\/desarrollo\/?page_id=2612"},"modified":"2024-05-31T10:46:22","modified_gmt":"2024-05-31T14:46:22","slug":"blog","status":"publish","type":"page","link":"https:\/\/serviciotecnicoenoc.cl\/index.php\/blog\/","title":{"rendered":"Blog"},"content":{"rendered":"<style>.elementor-2612 .elementor-element.elementor-element-96c59df:not(.elementor-motion-effects-element-type-background), .elementor-2612 .elementor-element.elementor-element-96c59df > .elementor-motion-effects-container > .elementor-motion-effects-layer{background-image:url(\"https:\/\/serviciotecnicoenoc.cl\/wp-content\/uploads\/2024\/05\/blog.png\");background-position:0px -141px;background-repeat:repeat;background-size:cover;}.elementor-2612 .elementor-element.elementor-element-96c59df > .elementor-background-overlay{background-color:#0B0F13;opacity:0.69;transition:background 0.3s, border-radius 0.3s, opacity 0.3s;}.elementor-2612 .elementor-element.elementor-element-96c59df{transition:background 0.3s, border 0.3s, border-radius 0.3s, box-shadow 0.3s;margin-top:-13em;margin-bottom:0em;padding:0em 0em 0em 0em;}.elementor-2612 .elementor-element.elementor-element-652469e > .elementor-element-populated{margin:40px 0px 0px 0px;--e-column-margin-right:0px;--e-column-margin-left:0px;padding:10em 0.6em 10em 0.6em;}.elementor-2612 .elementor-element.elementor-element-e0fe2c2 .elementor-heading-title{font-family:\"Alatsi\", Sans-serif;font-size:49px;font-weight:700;-webkit-text-stroke-color:#000;stroke:#000;color:var( --e-global-color-a7ca513 );}.elementor-2612 .elementor-element.elementor-element-18593c4{--display:flex;}.elementor-2612 .elementor-element.elementor-element-10cee22 .tpg-post-holder div{text-align:left;}.elementor-2612 .elementor-element.elementor-element-10cee22 .rt-tpg-container .rt-el-post-meta{justify-content:left;}.elementor-2612 .elementor-element.elementor-element-10cee22 .tpg-widget-heading-wrapper .tpg-widget-heading{font-family:\"Alatsi\", Sans-serif;}.elementor-2612 .elementor-element.elementor-element-10cee22 .tpg-el-main-wrapper .entry-title-wrapper .entry-title{font-family:\"Alatsi\", Sans-serif;}.elementor-2612 .elementor-element.elementor-element-10cee22 .tpg-el-main-wrapper .tpg-el-image-wrap img{width:inherit;}.elementor-2612 .elementor-element.elementor-element-10cee22 .tpg-el-main-wrapper .rt-holder .tpg-el-image-wrap img{object-position:inherit;}.elementor-2612 .elementor-element.elementor-element-10cee22 .tpg-el-main-wrapper .rt-holder:hover .tpg-el-image-wrap img{object-position:inherit;}.elementor-2612 .elementor-element.elementor-element-10cee22 .tpg-el-main-wrapper .tpg-el-excerpt .tpg-excerpt-inner{font-family:\"Alatsi\", Sans-serif;color:var( --e-global-color-c0eb0da );}.elementor-2612 .elementor-element.elementor-element-10cee22 .tpg-el-main-wrapper .tpg-post-holder:hover .tpg-el-excerpt .tpg-excerpt-inner{color:#016AFF !important;}.elementor-2612 .elementor-element.elementor-element-10cee22 .rt-tpg-container .tpg-post-holder .rt-el-post-meta, .elementor-2612 .elementor-element.elementor-element-10cee22 .tpg-post-holder .tpg-separate-category .categories-links a{font-family:\"Alatsi\", Sans-serif;}.elementor-2612 .elementor-element.elementor-element-10cee22 .rt-tpg-container .tpg-post-holder .categories-links a{font-family:\"Alatsi\", Sans-serif;}.elementor-2612 .elementor-element.elementor-element-10cee22 .rt-tpg-container .tpg-post-holder .rt-detail .read-more a{font-family:\"Alatsi\", Sans-serif;color:var( --e-global-color-a7ca513 );background-color:var( --e-global-color-5ac2cbd );border-radius:0px 0px 0px 0px;border-style:dashed;border-width:3px 3px 3px 3px;border-color:#D4D4D4;}body .elementor-2612 .elementor-element.elementor-element-10cee22 .rt-tpg-container .tpg-post-holder .rt-detail .read-more a:hover{border-style:solid;border-width:1px 1px 1px 1px;border-color:#7a64f2;}:root{--page-title-display:none;}@media(max-width:1024px){.elementor-2612 .elementor-element.elementor-element-96c59df:not(.elementor-motion-effects-element-type-background), .elementor-2612 .elementor-element.elementor-element-96c59df > .elementor-motion-effects-container > .elementor-motion-effects-layer{background-position:0px 0px;}.elementor-2612 .elementor-element.elementor-element-96c59df{margin-top:-14em;margin-bottom:0em;padding:5em 0em 0em 0em;}.elementor-2612 .elementor-element.elementor-element-652469e > .elementor-element-populated{margin:0px 0px 0px 0px;--e-column-margin-right:0px;--e-column-margin-left:0px;padding:7em 0.6em 7em 0.6em;}.elementor-2612 .elementor-element.elementor-element-e0fe2c2 .elementor-heading-title{font-size:38px;}.elementor-2612 .elementor-element.elementor-element-e0fe2c2 > .elementor-widget-container{margin:-25px 0px 0px 0px;padding:5px 0px 0px 0px;}}@media(max-width:767px){.elementor-2612 .elementor-element.elementor-element-96c59df:not(.elementor-motion-effects-element-type-background), .elementor-2612 .elementor-element.elementor-element-96c59df > .elementor-motion-effects-container > .elementor-motion-effects-layer{background-position:0px 0px;}.elementor-2612 .elementor-element.elementor-element-96c59df{margin-top:-10em;margin-bottom:0em;padding:0em 0em 0em 0em;}.elementor-2612 .elementor-element.elementor-element-652469e > .elementor-element-populated{padding:6em 0.6em 6em 0.6em;}.elementor-2612 .elementor-element.elementor-element-e0fe2c2 .elementor-heading-title{font-size:24px;}.elementor-2612 .elementor-element.elementor-element-e0fe2c2 > .elementor-widget-container{margin:73px 0px 0px 0px;padding:-10px 1px 0px 1px;}.elementor-2612 .elementor-element.elementor-element-10cee22 .tpg-widget-heading-wrapper .tpg-widget-heading{font-size:24px;}}<\/style>\t\t<div data-elementor-type=\"wp-page\" data-elementor-id=\"2612\" class=\"elementor elementor-2612\" data-elementor-post-type=\"page\">\n\t\t\t\t\t\t<section class=\"elementor-section elementor-top-section elementor-element elementor-element-96c59df elementor-section-boxed elementor-section-height-default elementor-section-height-default\" data-id=\"96c59df\" data-element_type=\"section\" data-e-type=\"section\" data-settings=\"{&quot;background_background&quot;:&quot;classic&quot;}\">\n\t\t\t\t\t\t\t<div class=\"elementor-background-overlay\"><\/div>\n\t\t\t\t\t\t\t<div class=\"elementor-container elementor-column-gap-default\">\n\t\t\t\t\t<div class=\"elementor-column elementor-col-100 elementor-top-column elementor-element elementor-element-652469e\" data-id=\"652469e\" data-element_type=\"column\" data-e-type=\"column\">\n\t\t\t<div class=\"elementor-widget-wrap elementor-element-populated\">\n\t\t\t\t\t\t\t<\/div>\n\t\t<\/div>\n\t\t\t\t\t<\/div>\n\t\t<\/section>\n\t\t<div class=\"elementor-element elementor-element-18593c4 e-flex e-con-boxed elementor-invisible e-con e-parent\" data-id=\"18593c4\" data-element_type=\"container\" data-e-type=\"container\" data-settings=\"{&quot;animation&quot;:&quot;zoomIn&quot;}\">\n\t\t\t\t\t<div class=\"e-con-inner\">\n\t\t\t\t<div class=\"elementor-element elementor-element-10cee22 tpg-wrapper-align-left meta-visibility-show section-title-style-style1 title_position_default title_hover_border_default title-default img_hover_animation_default meta_position_default readmore-btn-default-style grid-hover-overlay-type-always tpg-el-box-border-enable tpg-border-bottom-disable elementor-invisible elementor-widget elementor-widget-tpg-grid-layout\" data-id=\"10cee22\" data-element_type=\"widget\" data-e-type=\"widget\" data-settings=\"{&quot;_animation&quot;:&quot;shake&quot;}\" data-widget_type=\"tpg-grid-layout.default\">\n\t\t\t\t<div class=\"elementor-widget-container\">\n\t\t\t\t\t\t\t<div class=\"rt-container-fluid rt-tpg-container tpg-el-main-wrapper clearfix grid-layout1-main \"\n\t\t\t id=\"rt-tpg-container-3607588083\"\n\t\t\t data-layout=\"grid-layout1\"\n\t\t\t data-grid-style=\"tpg-full-height\"\n\t\t\t data-sc-id=\"elementor\"\n\t\t\t data-el-settings=''\n\t\t\t data-el-query=''\n\t\t\t data-el-path=''\n\t\t>\n\t\t\t\t\t\t<div class='tpg-header-wrapper '>\n\t\t\t\t\n        <div class=\"tpg-widget-heading-wrapper rt-clear heading-style1 \">\n            <span class=\"tpg-widget-heading-line line-left\"><\/span>\n\t\t\t<h2 class='tpg-widget-heading'>\n\t\t\t\n\t\t\t\t                    <span>\n\t\t\t\t\t\tNoticias informaticas\t\t\t\t\t<\/span>\n\t\t\t\t\t\n\t\t\t\t\t\t\t<\/h2>            <span class=\"tpg-widget-heading-line line-right\"><\/span>\n\n\t\t\t\n        <\/div>\n\n\t\t\n\t\t\t\t\t<\/div>\n\n\t\t\t<div data-title=\"Loading ...\" class=\"rt-row rt-content-loader grid-layout1 grid-behaviour tpg-full-height grid_layout_wrapper\">\n\t\t\t\t<div class=\"rt-col-md-4 rt-col-sm-6 rt-col-xs-12 default rt-grid-item post-1 post type-post status-publish format-standard hentry category-licencias\"        data-id=\"1\">\n    <div class=\"rt-holder tpg-post-holder \">\n        <div class=\"rt-detail rt-el-content-wrapper\">\n\t\t\t                <div class=\"rt-img-holder tpg-el-image-wrap has-no-thumbnail\">\n\t\t\t\t\t<a data-id=\"1\" href=\"https:\/\/serviciotecnicoenoc.cl\/index.php\/2025\/05\/04\/10consejosoptimizacion\/\" class=\"tpg-post-link\" target=\"_self\"><img fetchpriority=\"high\" class='rt-img-responsive' src='https:\/\/serviciotecnicoenoc.cl\/wp-content\/uploads\/2024\/03\/imagen-noticia-3-600x338.png' width=\"600\" height=\"338\" alt='10 consejos para optimizar tu computador'>\t\t\n\t\t<\/a>\n\t\t        <div class=\"overlay grid-hover-content\"><\/div>\n\t\t                <\/div>\n\t\t\t\n\t\t\t<div class=\"entry-title-wrapper\"><h3 class=\"entry-title\"><a data-id=\"1\" href=\"https:\/\/serviciotecnicoenoc.cl\/index.php\/2025\/05\/04\/10consejosoptimizacion\/\" class=\"tpg-post-link\" target=\"_self\">10 consejos para optimizar tu computador<\/a><\/h3><\/div>\n\t\t\t                <div class=\"post-meta-tags rt-el-post-meta\">\n\t\t\t\t\t            <span class='date'>\n\t\t\t\t<i class='far fa-calendar-alt '><\/i>\t\t\t\t                    <a href=\"https:\/\/serviciotecnicoenoc.cl\/index.php\/2025\/05\/04\/\">\n\t\t\t\t\tmayo 4, 2025\t\t\t\t<\/a>\n\t\t\t\t\t\t\t<\/span>\n\t\t\t                <\/div>\n\t\t\t\n\n\t\t\t                <div class=\"tpg-excerpt tpg-el-excerpt\">\n\t\t\t\t\t                        <div class=\"tpg-excerpt-inner\">\n\t\t\t\t\t\t\t10 consejos para optimizar tu computador 1. Mant\u00e9n el sistema operativo actualizado: Instala regularmente las actualizaciones de software que proporciona el fabricante del sistema operativo. Estas...                        <\/div>\n\t\t\t\t\t\t\t\t\t\t                <\/div>\n\t\t\t\n\t\t\t        <div class=\"post-footer\">\n            <div class=\"post-footer\">\n                <div class=\"read-more\">\n\t\t\t\t\t<a data-id=\"1\" href=\"https:\/\/serviciotecnicoenoc.cl\/index.php\/2025\/05\/04\/10consejosoptimizacion\/\" class=\"tpg-post-link\" target=\"_self\">Leer m\u00e1s<\/a>                <\/div>\n            <\/div>\n        <\/div>\n\t\t        <\/div>\n    <\/div>\n<\/div>\n<div class=\"rt-col-md-4 rt-col-sm-6 rt-col-xs-12 default rt-grid-item post-2728 post type-post status-publish format-standard hentry category-licencias\"        data-id=\"2728\">\n    <div class=\"rt-holder tpg-post-holder \">\n        <div class=\"rt-detail rt-el-content-wrapper\">\n\t\t\t                <div class=\"rt-img-holder tpg-el-image-wrap has-no-thumbnail\">\n\t\t\t\t\t<a data-id=\"2728\" href=\"https:\/\/serviciotecnicoenoc.cl\/index.php\/2024\/04\/11\/5consejosseguridad\/\" class=\"tpg-post-link\" target=\"_self\"><img class='rt-img-responsive' src='https:\/\/serviciotecnicoenoc.cl\/wp-content\/uploads\/2024\/04\/foto-primera-noticia-600x338.png' width=\"600\" height=\"338\" alt='5 consejos para mantener tu sistema operativo de forma segura'>\t\t\n\t\t<\/a>\n\t\t        <div class=\"overlay grid-hover-content\"><\/div>\n\t\t                <\/div>\n\t\t\t\n\t\t\t<div class=\"entry-title-wrapper\"><h3 class=\"entry-title\"><a data-id=\"2728\" href=\"https:\/\/serviciotecnicoenoc.cl\/index.php\/2024\/04\/11\/5consejosseguridad\/\" class=\"tpg-post-link\" target=\"_self\">5 consejos para mantener tu sistema operativo de forma segura<\/a><\/h3><\/div>\n\t\t\t                <div class=\"post-meta-tags rt-el-post-meta\">\n\t\t\t\t\t            <span class='date'>\n\t\t\t\t<i class='far fa-calendar-alt '><\/i>\t\t\t\t                    <a href=\"https:\/\/serviciotecnicoenoc.cl\/index.php\/2024\/04\/11\/\">\n\t\t\t\t\tabril 11, 2024\t\t\t\t<\/a>\n\t\t\t\t\t\t\t<\/span>\n\t\t\t                <\/div>\n\t\t\t\n\n\t\t\t                <div class=\"tpg-excerpt tpg-el-excerpt\">\n\t\t\t\t\t                        <div class=\"tpg-excerpt-inner\">\n\t\t\t\t\t\t\t5 consejos para mantener tu sistema operativo de forma segura 1. Actualizaciones regulares del sistema operativo: Mant\u00e9n tu sistema operativo actualizado con las \u00faltimas actualizaciones de seguridad...                        <\/div>\n\t\t\t\t\t\t\t\t\t\t                <\/div>\n\t\t\t\n\t\t\t        <div class=\"post-footer\">\n            <div class=\"post-footer\">\n                <div class=\"read-more\">\n\t\t\t\t\t<a data-id=\"2728\" href=\"https:\/\/serviciotecnicoenoc.cl\/index.php\/2024\/04\/11\/5consejosseguridad\/\" class=\"tpg-post-link\" target=\"_self\">Leer m\u00e1s<\/a>                <\/div>\n            <\/div>\n        <\/div>\n\t\t        <\/div>\n    <\/div>\n<\/div>\n<div class=\"rt-col-md-4 rt-col-sm-6 rt-col-xs-12 default rt-grid-item post-2720 post type-post status-publish format-standard hentry category-licencias\"        data-id=\"2720\">\n    <div class=\"rt-holder tpg-post-holder \">\n        <div class=\"rt-detail rt-el-content-wrapper\">\n\t\t\t                <div class=\"rt-img-holder tpg-el-image-wrap has-no-thumbnail\">\n\t\t\t\t\t<a data-id=\"2720\" href=\"https:\/\/serviciotecnicoenoc.cl\/index.php\/2024\/04\/11\/5tecnicasmantenimiento\/\" class=\"tpg-post-link\" target=\"_self\"><img class='rt-img-responsive' src='https:\/\/serviciotecnicoenoc.cl\/wp-content\/uploads\/2024\/04\/imagen-noticia-2-600x338.png' width=\"600\" height=\"338\" alt='5 T\u00e9cnicas para el Mantenimiento Efectivo de la Pasta T\u00e9rmica en tu Computadora'>\t\t\n\t\t<\/a>\n\t\t        <div class=\"overlay grid-hover-content\"><\/div>\n\t\t                <\/div>\n\t\t\t\n\t\t\t<div class=\"entry-title-wrapper\"><h3 class=\"entry-title\"><a data-id=\"2720\" href=\"https:\/\/serviciotecnicoenoc.cl\/index.php\/2024\/04\/11\/5tecnicasmantenimiento\/\" class=\"tpg-post-link\" target=\"_self\">5 T\u00e9cnicas para el Mantenimiento Efectivo de la Pasta T\u00e9rmica en tu Computadora<\/a><\/h3><\/div>\n\t\t\t                <div class=\"post-meta-tags rt-el-post-meta\">\n\t\t\t\t\t            <span class='date'>\n\t\t\t\t<i class='far fa-calendar-alt '><\/i>\t\t\t\t                    <a href=\"https:\/\/serviciotecnicoenoc.cl\/index.php\/2024\/04\/11\/\">\n\t\t\t\t\tabril 11, 2024\t\t\t\t<\/a>\n\t\t\t\t\t\t\t<\/span>\n\t\t\t                <\/div>\n\t\t\t\n\n\t\t\t                <div class=\"tpg-excerpt tpg-el-excerpt\">\n\t\t\t\t\t                        <div class=\"tpg-excerpt-inner\">\n\t\t\t\t\t\t\t5 T\u00e9cnicas para el Mantenimiento Efectivo de la Pasta T\u00e9rmica en tu Computadora 1. Aplicaci\u00f3n adecuada: Al aplicar pasta t\u00e9rmica al CPU o GPU, aseg\u00farate de aplicar una capa delgada y uniforme...                        <\/div>\n\t\t\t\t\t\t\t\t\t\t                <\/div>\n\t\t\t\n\t\t\t        <div class=\"post-footer\">\n            <div class=\"post-footer\">\n                <div class=\"read-more\">\n\t\t\t\t\t<a data-id=\"2720\" href=\"https:\/\/serviciotecnicoenoc.cl\/index.php\/2024\/04\/11\/5tecnicasmantenimiento\/\" class=\"tpg-post-link\" target=\"_self\">Leer m\u00e1s<\/a>                <\/div>\n            <\/div>\n        <\/div>\n\t\t        <\/div>\n    <\/div>\n<\/div>\n\t\t\t<\/div>\n\t\t\t\n\t\t<\/div>\n\t\t\t\t\t\t<\/div>\n\t\t\t\t<\/div>\n\t\t\t\t\t<\/div>\n\t\t\t\t<\/div>\n\t\t\t\t<\/div>\n\t\t","protected":false},"excerpt":{"rendered":"<p>Noticias informaticas 5 consejos para mantener tu sistema operativo de forma segura abril 11, 2024 5 consejos para mantener tu sistema operativo de forma segura 1. Actualizaciones regulares del sistema operativo: Mant\u00e9n tu sistema operativo actualizado con las \u00faltimas actualizaciones de seguridad&#8230; Leer m\u00e1s 5 T\u00e9cnicas para el Mantenimiento Efectivo de la Pasta T\u00e9rmica en [&hellip;]<\/p>\n","protected":false},"author":1,"featured_media":0,"parent":0,"menu_order":0,"comment_status":"closed","ping_status":"closed","template":"","meta":{"footnotes":""},"class_list":["post-2612","page","type-page","status-publish","hentry"],"jetpack_sharing_enabled":true,"rttpg_featured_image_url":null,"rttpg_author":{"display_name":"admin","author_link":"https:\/\/serviciotecnicoenoc.cl\/index.php\/author\/admin_stsenoc\/"},"rttpg_comment":0,"rttpg_category":"","rttpg_excerpt":"Noticias informaticas 5 consejos para mantener tu sistema operativo de forma segura abril 11, 2024 5 consejos para mantener tu sistema operativo de forma segura 1. Actualizaciones regulares del sistema operativo: Mant\u00e9n tu sistema operativo actualizado con las \u00faltimas actualizaciones de seguridad&#8230; Leer m\u00e1s 5 T\u00e9cnicas para el Mantenimiento Efectivo de la Pasta T\u00e9rmica en&hellip;","_links":{"self":[{"href":"https:\/\/serviciotecnicoenoc.cl\/index.php\/wp-json\/wp\/v2\/pages\/2612","targetHints":{"allow":["GET"]}}],"collection":[{"href":"https:\/\/serviciotecnicoenoc.cl\/index.php\/wp-json\/wp\/v2\/pages"}],"about":[{"href":"https:\/\/serviciotecnicoenoc.cl\/index.php\/wp-json\/wp\/v2\/types\/page"}],"author":[{"embeddable":true,"href":"https:\/\/serviciotecnicoenoc.cl\/index.php\/wp-json\/wp\/v2\/users\/1"}],"replies":[{"embeddable":true,"href":"https:\/\/serviciotecnicoenoc.cl\/index.php\/wp-json\/wp\/v2\/comments?post=2612"}],"version-history":[{"count":196,"href":"https:\/\/serviciotecnicoenoc.cl\/index.php\/wp-json\/wp\/v2\/pages\/2612\/revisions"}],"predecessor-version":[{"id":5468,"href":"https:\/\/serviciotecnicoenoc.cl\/index.php\/wp-json\/wp\/v2\/pages\/2612\/revisions\/5468"}],"wp:attachment":[{"href":"https:\/\/serviciotecnicoenoc.cl\/index.php\/wp-json\/wp\/v2\/media?parent=2612"}],"curies":[{"name":"wp","href":"https:\/\/api.w.org\/{rel}","templated":true}]}}